{"id":506,"date":"2019-07-02T05:11:45","date_gmt":"2019-07-02T05:11:45","guid":{"rendered":"https:\/\/spiritcanine.hr\/index.php\/services\/"},"modified":"2022-05-27T13:22:05","modified_gmt":"2022-05-27T11:22:05","slug":"services","status":"publish","type":"page","link":"https:\/\/spiritcanine.hr\/index.php\/services\/","title":{"rendered":"Services"},"content":{"rendered":"\t\t<div data-elementor-type=\"wp-post\" data-elementor-id=\"506\" class=\"elementor elementor-506\" data-elementor-settings=\"[]\">\n\t\t\t\t\t\t<div class=\"elementor-inner\">\n\t\t\t\t\t\t\t<div class=\"elementor-section-wrap\">\n\t\t\t\t\t\t\t<section class=\"elementor-section elementor-top-section elementor-element elementor-element-592a984 elementor-section-boxed elementor-section-height-default elementor-section-height-default\" data-id=\"592a984\" data-element_type=\"section\">\n\t\t\t\t\t\t<div class=\"elementor-container elementor-column-gap-default\">\n\t\t\t\t\t\t\t<div class=\"elementor-row\">\n\t\t\t\t\t<div class=\"elementor-column elementor-col-100 elementor-top-column elementor-element elementor-element-e50dbdb\" data-id=\"e50dbdb\" data-element_type=\"column\">\n\t\t\t<div class=\"elementor-column-wrap elementor-element-populated\">\n\t\t\t\t\t\t\t<div class=\"elementor-widget-wrap\">\n\t\t\t\t\t\t<section class=\"elementor-section elementor-inner-section elementor-element elementor-element-598f1dc elementor-section-boxed elementor-section-height-default elementor-section-height-default\" data-id=\"598f1dc\" data-element_type=\"section\">\n\t\t\t\t\t\t<div class=\"elementor-container elementor-column-gap-wider\">\n\t\t\t\t\t\t\t<div class=\"elementor-row\">\n\t\t\t\t\t<div class=\"elementor-column elementor-col-50 elementor-inner-column elementor-element elementor-element-0095b97\" data-id=\"0095b97\" data-element_type=\"column\">\n\t\t\t<div class=\"elementor-column-wrap elementor-element-populated\">\n\t\t\t\t\t\t\t<div class=\"elementor-widget-wrap\">\n\t\t\t\t\t\t<div class=\"elementor-element elementor-element-b2a4d1d elementor-widget elementor-widget-heading\" data-id=\"b2a4d1d\" data-element_type=\"widget\" data-widget_type=\"heading.default\">\n\t\t\t\t<div class=\"elementor-widget-container\">\n\t\t\t<h1 class=\"elementor-heading-title elementor-size-default\">U ponudi...<\/h1>\t\t<\/div>\n\t\t\t\t<\/div>\n\t\t\t\t\t\t<\/div>\n\t\t\t\t\t<\/div>\n\t\t<\/div>\n\t\t\t\t<div class=\"elementor-column elementor-col-50 elementor-inner-column elementor-element elementor-element-0b2bd7d\" data-id=\"0b2bd7d\" data-element_type=\"column\">\n\t\t\t<div class=\"elementor-column-wrap elementor-element-populated\">\n\t\t\t\t\t\t\t<div class=\"elementor-widget-wrap\">\n\t\t\t\t\t\t<div class=\"elementor-element elementor-element-aee4e5e elementor-position-top elementor-vertical-align-top elementor-widget elementor-widget-image-box\" data-id=\"aee4e5e\" data-element_type=\"widget\" data-widget_type=\"image-box.default\">\n\t\t\t\t<div class=\"elementor-widget-container\">\n\t\t\t<div class=\"elementor-image-box-wrapper\"><div class=\"elementor-image-box-content\"><h3 class=\"elementor-image-box-title\">1 na 1 ili u grupi?<\/h3><p class=\"elementor-image-box-description\">Svaki pas ima duga\u010dije potrebe, pa su stoga u ponudi razni oblici treninga - individualno uz potpunu prilagodbu potrebama va\u0161eg psa i vas, ili u grupi  u obliku te\u010daja ili radionice koji nude pregr\u0161t mogu\u0107nosti za u\u010denje uz zabavu.<\/p><\/div><\/div>\t\t<\/div>\n\t\t\t\t<\/div>\n\t\t\t\t\t\t<\/div>\n\t\t\t\t\t<\/div>\n\t\t<\/div>\n\t\t\t\t\t\t\t\t<\/div>\n\t\t\t\t\t<\/div>\n\t\t<\/section>\n\t\t\t\t\t\t<\/div>\n\t\t\t\t\t<\/div>\n\t\t<\/div>\n\t\t\t\t\t\t\t\t<\/div>\n\t\t\t\t\t<\/div>\n\t\t<\/section>\n\t\t\t\t<section class=\"elementor-section elementor-top-section elementor-element elementor-element-7137ac2 elementor-section-boxed elementor-section-height-default elementor-section-height-default\" data-id=\"7137ac2\" data-element_type=\"section\" data-settings=\"{&quot;background_background&quot;:&quot;classic&quot;}\">\n\t\t\t\t\t\t<div class=\"elementor-container elementor-column-gap-default\">\n\t\t\t\t\t\t\t<div class=\"elementor-row\">\n\t\t\t\t\t<div class=\"elementor-column elementor-col-100 elementor-top-column elementor-element elementor-element-56590e2\" data-id=\"56590e2\" data-element_type=\"column\">\n\t\t\t<div class=\"elementor-column-wrap elementor-element-populated\">\n\t\t\t\t\t\t\t<div class=\"elementor-widget-wrap\">\n\t\t\t\t\t\t<section class=\"elementor-section elementor-inner-section elementor-element elementor-element-bb51303 elementor-section-boxed elementor-section-height-default elementor-section-height-default\" data-id=\"bb51303\" data-element_type=\"section\">\n\t\t\t\t\t\t<div class=\"elementor-container elementor-column-gap-default\">\n\t\t\t\t\t\t\t<div class=\"elementor-row\">\n\t\t\t\t\t<div class=\"elementor-column elementor-col-33 elementor-inner-column elementor-element elementor-element-727e0ec\" data-id=\"727e0ec\" data-element_type=\"column\">\n\t\t\t<div class=\"elementor-column-wrap elementor-element-populated\">\n\t\t\t\t\t\t\t<div class=\"elementor-widget-wrap\">\n\t\t\t\t\t\t<div class=\"elementor-element elementor-element-dab8302 elementor-widget elementor-widget-image\" data-id=\"dab8302\" data-element_type=\"widget\" data-widget_type=\"image.default\">\n\t\t\t\t<div class=\"elementor-widget-container\">\n\t\t\t\t\t\t\t\t<div class=\"elementor-image\">\n\t\t\t\t\t\t\t\t\t\t\t\t<img width=\"140\" height=\"140\" src=\"https:\/\/spiritcanine.hr\/wp-content\/uploads\/2019\/07\/sitting-free-img.png\" class=\"attachment-full size-full\" alt=\"\" loading=\"lazy\" \/>\t\t\t\t\t\t\t\t\t\t\t\t\t\t<\/div>\n\t\t\t\t\t\t<\/div>\n\t\t\t\t<\/div>\n\t\t\t\t<div class=\"elementor-element elementor-element-12ee977 elementor-position-left elementor-vertical-align-top elementor-widget elementor-widget-image-box\" data-id=\"12ee977\" data-element_type=\"widget\" data-widget_type=\"image-box.default\">\n\t\t\t\t<div class=\"elementor-widget-container\">\n\t\t\t<div class=\"elementor-image-box-wrapper\"><div class=\"elementor-image-box-content\"><h3 class=\"elementor-image-box-title\">Individualni programi<\/h3><p class=\"elementor-image-box-description\">Programi rada 1 na 1 koji uklju\u010duju sve ono \u0161to je vama i va\u0161em psu potrebno u tom trenutku.\n<br>Mogu\u0107nost dogovora i rada sat po sat ili kroz tematske pakete i prikladne poklone.<br><br>U ponudi su: <br>- Paket za \u0161tence<br>- SOS paket<br>- Paket za svakoga  <\/p><\/div><\/div>\t\t<\/div>\n\t\t\t\t<\/div>\n\t\t\t\t\t\t<\/div>\n\t\t\t\t\t<\/div>\n\t\t<\/div>\n\t\t\t\t<div class=\"elementor-column elementor-col-33 elementor-inner-column elementor-element elementor-element-dee9012\" data-id=\"dee9012\" data-element_type=\"column\">\n\t\t\t<div class=\"elementor-column-wrap elementor-element-populated\">\n\t\t\t\t\t\t\t<div class=\"elementor-widget-wrap\">\n\t\t\t\t\t\t<div class=\"elementor-element elementor-element-9bda223 elementor-widget elementor-widget-image\" data-id=\"9bda223\" data-element_type=\"widget\" data-widget_type=\"image.default\">\n\t\t\t\t<div class=\"elementor-widget-container\">\n\t\t\t\t\t\t\t\t<div class=\"elementor-image\">\n\t\t\t\t\t\t\t\t\t\t\t\t<img width=\"140\" height=\"140\" src=\"https:\/\/spiritcanine.hr\/wp-content\/uploads\/2019\/07\/minding-free-img.png\" class=\"attachment-full size-full\" alt=\"\" loading=\"lazy\" \/>\t\t\t\t\t\t\t\t\t\t\t\t\t\t<\/div>\n\t\t\t\t\t\t<\/div>\n\t\t\t\t<\/div>\n\t\t\t\t<div class=\"elementor-element elementor-element-a600fdc elementor-position-left elementor-vertical-align-top elementor-widget elementor-widget-image-box\" data-id=\"a600fdc\" data-element_type=\"widget\" data-widget_type=\"image-box.default\">\n\t\t\t\t<div class=\"elementor-widget-container\">\n\t\t\t<div class=\"elementor-image-box-wrapper\"><div class=\"elementor-image-box-content\"><h3 class=\"elementor-image-box-title\">Grupni rad<\/h3><p class=\"elementor-image-box-description\">Te\u010dajevi raznih tematika namjenjeni su psima svih uzrasta, a zanima li vas vi\u0161e poslu\u0161nost, nju\u0161anje ili ne\u0161to tre\u0107e - imamo za svakoga pone\u0161to! <br><br>Trajanje i tematika te\u010daja ovise o va\u0161im \u017eeljama, a obuhva\u0107ajju fokus, poslu\u0161nost, trikove, nju\u0161kane i tra\u017eenje mirisa kao i te\u010daj cooperative care-a u organizaciji Ane Odak.<br><br>Te\u010dajevi se odr\u017eavaju na dvije lokacije: Jankomir i Kockica (Prisavlje)<br><br><\/p><\/div><\/div>\t\t<\/div>\n\t\t\t\t<\/div>\n\t\t\t\t\t\t<\/div>\n\t\t\t\t\t<\/div>\n\t\t<\/div>\n\t\t\t\t<div class=\"elementor-column elementor-col-33 elementor-inner-column elementor-element elementor-element-bf1b058\" data-id=\"bf1b058\" data-element_type=\"column\">\n\t\t\t<div class=\"elementor-column-wrap elementor-element-populated\">\n\t\t\t\t\t\t\t<div class=\"elementor-widget-wrap\">\n\t\t\t\t\t\t<div class=\"elementor-element elementor-element-882c7cd elementor-widget elementor-widget-image\" data-id=\"882c7cd\" data-element_type=\"widget\" data-widget_type=\"image.default\">\n\t\t\t\t<div class=\"elementor-widget-container\">\n\t\t\t\t\t\t\t\t<div class=\"elementor-image\">\n\t\t\t\t\t\t\t\t\t\t\t\t<img width=\"140\" height=\"140\" src=\"https:\/\/spiritcanine.hr\/wp-content\/uploads\/2019\/07\/minding-free-img.png\" class=\"attachment-full size-full\" alt=\"\" loading=\"lazy\" \/>\t\t\t\t\t\t\t\t\t\t\t\t\t\t<\/div>\n\t\t\t\t\t\t<\/div>\n\t\t\t\t<\/div>\n\t\t\t\t<div class=\"elementor-element elementor-element-0e28ce7 elementor-position-left elementor-vertical-align-top elementor-widget elementor-widget-image-box\" data-id=\"0e28ce7\" data-element_type=\"widget\" data-widget_type=\"image-box.default\">\n\t\t\t\t<div class=\"elementor-widget-container\">\n\t\t\t<div class=\"elementor-image-box-wrapper\"><div class=\"elementor-image-box-content\"><h3 class=\"elementor-image-box-title\">Online konzultacije<\/h3><p class=\"elementor-image-box-description\">Za sve one koji \u017eele ne\u0161to raditi sa svojim psom a nisu u mogu\u0107nosti pridru\u017eiti nam se osobno tu je mogu\u0107nost rada i na daljinu.<br><br>Online konzultacije dogovaraju se individualno, sukladno va\u0161em rasporedu.<\/p><\/div><\/div>\t\t<\/div>\n\t\t\t\t<\/div>\n\t\t\t\t\t\t<\/div>\n\t\t\t\t\t<\/div>\n\t\t<\/div>\n\t\t\t\t\t\t\t\t<\/div>\n\t\t\t\t\t<\/div>\n\t\t<\/section>\n\t\t\t\t<section class=\"elementor-section elementor-inner-section elementor-element elementor-element-1ac3ca7 elementor-section-content-middle elementor-section-boxed elementor-section-height-default elementor-section-height-default\" data-id=\"1ac3ca7\" data-element_type=\"section\">\n\t\t\t\t\t\t<div class=\"elementor-container elementor-column-gap-default\">\n\t\t\t\t\t\t\t<div class=\"elementor-row\">\n\t\t\t\t\t<div class=\"elementor-column elementor-col-50 elementor-inner-column elementor-element elementor-element-4ee5aa0\" data-id=\"4ee5aa0\" data-element_type=\"column\">\n\t\t\t<div class=\"elementor-column-wrap elementor-element-populated\">\n\t\t\t\t\t\t\t<div class=\"elementor-widget-wrap\">\n\t\t\t\t\t\t<div class=\"elementor-element elementor-element-cce8533 elementor-position-left elementor-vertical-align-top elementor-widget elementor-widget-image-box\" data-id=\"cce8533\" data-element_type=\"widget\" data-widget_type=\"image-box.default\">\n\t\t\t\t<div class=\"elementor-widget-container\">\n\t\t\t<div class=\"elementor-image-box-wrapper\"><div class=\"elementor-image-box-content\"><h2 class=\"elementor-image-box-title\">Dovedite i djecu!<\/h2><p class=\"elementor-image-box-description\">Uz pravilan, pozitivan pristup u radu, djeca i psi stvaraju neraskidivu povezanost i neprocjenjivo dugogodi\u0161nje prijateljstvo, stoga su na svim oblicima treninga i edukacijama koje Spirit Canine nudi djeca dobrodo\u0161la pridru\u017eiti se roditeljima na satu! <\/p><\/div><\/div>\t\t<\/div>\n\t\t\t\t<\/div>\n\t\t\t\t\t\t<\/div>\n\t\t\t\t\t<\/div>\n\t\t<\/div>\n\t\t\t\t<div class=\"elementor-column elementor-col-50 elementor-inner-column elementor-element elementor-element-0c90e31\" data-id=\"0c90e31\" data-element_type=\"column\">\n\t\t\t<div class=\"elementor-column-wrap elementor-element-populated\">\n\t\t\t\t\t\t\t<div class=\"elementor-widget-wrap\">\n\t\t\t\t\t\t<div class=\"elementor-element elementor-element-ac858ad elementor-widget elementor-widget-image\" data-id=\"ac858ad\" data-element_type=\"widget\" data-widget_type=\"image.default\">\n\t\t\t\t<div class=\"elementor-widget-container\">\n\t\t\t\t\t\t\t\t<div class=\"elementor-image\">\n\t\t\t\t\t\t\t\t\t\t\t\t<img width=\"1024\" height=\"628\" src=\"https:\/\/spiritcanine.hr\/wp-content\/uploads\/2022\/05\/1652177222074-1024x628.jpg\" class=\"attachment-large size-large\" alt=\"\" loading=\"lazy\" srcset=\"https:\/\/spiritcanine.hr\/wp-content\/uploads\/2022\/05\/1652177222074-1024x628.jpg 1024w, https:\/\/spiritcanine.hr\/wp-content\/uploads\/2022\/05\/1652177222074-300x184.jpg 300w, https:\/\/spiritcanine.hr\/wp-content\/uploads\/2022\/05\/1652177222074-768x471.jpg 768w, https:\/\/spiritcanine.hr\/wp-content\/uploads\/2022\/05\/1652177222074-1536x943.jpg 1536w, https:\/\/spiritcanine.hr\/wp-content\/uploads\/2022\/05\/1652177222074.jpg 1833w\" sizes=\"(max-width: 1024px) 100vw, 1024px\" \/>\t\t\t\t\t\t\t\t\t\t\t\t\t\t<\/div>\n\t\t\t\t\t\t<\/div>\n\t\t\t\t<\/div>\n\t\t\t\t\t\t<\/div>\n\t\t\t\t\t<\/div>\n\t\t<\/div>\n\t\t\t\t\t\t\t\t<\/div>\n\t\t\t\t\t<\/div>\n\t\t<\/section>\n\t\t\t\t\t\t<\/div>\n\t\t\t\t\t<\/div>\n\t\t<\/div>\n\t\t\t\t\t\t\t\t<\/div>\n\t\t\t\t\t<\/div>\n\t\t<\/section>\n\t\t\t\t<section class=\"elementor-section elementor-top-section elementor-element elementor-element-07e2699 elementor-section-boxed elementor-section-height-default elementor-section-height-default\" data-id=\"07e2699\" data-element_type=\"section\">\n\t\t\t\t\t\t<div class=\"elementor-container elementor-column-gap-default\">\n\t\t\t\t\t\t\t<div class=\"elementor-row\">\n\t\t\t\t\t<div class=\"elementor-column elementor-col-100 elementor-top-column elementor-element elementor-element-6240698\" data-id=\"6240698\" data-element_type=\"column\">\n\t\t\t<div class=\"elementor-column-wrap elementor-element-populated\">\n\t\t\t\t\t\t\t<div class=\"elementor-widget-wrap\">\n\t\t\t\t\t\t<div class=\"elementor-element elementor-element-48932f4 elementor-widget elementor-widget-image-carousel\" data-id=\"48932f4\" data-element_type=\"widget\" data-settings=\"{&quot;slides_to_show&quot;:&quot;3&quot;,&quot;slides_to_show_tablet&quot;:&quot;3&quot;,&quot;slides_to_show_mobile&quot;:&quot;3&quot;,&quot;slides_to_scroll&quot;:&quot;1&quot;,&quot;navigation&quot;:&quot;none&quot;,&quot;autoplay_speed&quot;:500,&quot;pause_on_hover&quot;:&quot;no&quot;,&quot;autoplay&quot;:&quot;yes&quot;,&quot;pause_on_interaction&quot;:&quot;yes&quot;,&quot;infinite&quot;:&quot;yes&quot;,&quot;speed&quot;:500}\" data-widget_type=\"image-carousel.default\">\n\t\t\t\t<div class=\"elementor-widget-container\">\n\t\t\t\t\t<div class=\"elementor-image-carousel-wrapper swiper-container\" dir=\"ltr\">\n\t\t\t<div class=\"elementor-image-carousel swiper-wrapper\">\n\t\t\t\t\t\t\t\t<div class=\"swiper-slide\"><figure class=\"swiper-slide-inner\"><img class=\"swiper-slide-image\" src=\"https:\/\/spiritcanine.hr\/wp-content\/uploads\/elementor\/thumbs\/food-pot-free-img-oyw7usxunrilzthjq2f0x1mzcfvfi0sfoze7q6yiyc.png\" alt=\"pet-sitting-food\" \/><\/figure><\/div><div class=\"swiper-slide\"><figure class=\"swiper-slide-inner\"><img class=\"swiper-slide-image\" src=\"https:\/\/spiritcanine.hr\/wp-content\/uploads\/elementor\/thumbs\/ball-free-img-oyw7ur26a3g1clka11lrs2425o4p2mkz0q38rn1bas.png\" alt=\"pet-sitting-ball-1\" \/><\/figure><\/div><div class=\"swiper-slide\"><figure class=\"swiper-slide-inner\"><img class=\"swiper-slide-image\" src=\"https:\/\/spiritcanine.hr\/wp-content\/uploads\/elementor\/thumbs\/heart-free-img-oyw7usxunrilzthjq2f0x1mzcfvfi0sfoze7q6yiyc.png\" alt=\"pet-sitting-heart\" \/><\/figure><\/div><div class=\"swiper-slide\"><figure class=\"swiper-slide-inner\"><img class=\"swiper-slide-image\" src=\"https:\/\/spiritcanine.hr\/wp-content\/uploads\/elementor\/thumbs\/collar-free-img-oyw7ur26a3g1clka11lrs2425o4p2mkz0q38rn1bas.png\" alt=\"pet-sitting-collar\" \/><\/figure><\/div><div class=\"swiper-slide\"><figure class=\"swiper-slide-inner\"><img class=\"swiper-slide-image\" src=\"https:\/\/spiritcanine.hr\/wp-content\/uploads\/elementor\/thumbs\/food-free-img-oyw7usxunrilzthjq2f0x1mzcfvfi0sfoze7q6yiyc.png\" alt=\"pet-sitting-food-1\" \/><\/figure><\/div>\t\t\t<\/div>\n\t\t\t\t\t\t\t\t\t\t\t\t\t\t\t\t<\/div>\n\t\t\t\t<\/div>\n\t\t\t\t<\/div>\n\t\t\t\t\t\t<\/div>\n\t\t\t\t\t<\/div>\n\t\t<\/div>\n\t\t\t\t\t\t\t\t<\/div>\n\t\t\t\t\t<\/div>\n\t\t<\/section>\n\t\t\t\t\t\t<\/div>\n\t\t\t\t\t\t<\/div>\n\t\t\t\t\t<\/div>\n\t\t","protected":false},"excerpt":{"rendered":"<p>U ponudi&#8230; 1 na 1 ili u grupi? Svaki pas ima duga\u010dije potrebe, pa su stoga u ponudi razni oblici treninga &#8211; individualno uz potpunu prilagodbu potrebama va\u0161eg psa i vas, ili u grupi u obliku te\u010daja ili radionice koji nude pregr\u0161t mogu\u0107nosti za u\u010denje uz zabavu. Individualni programi Programi rada 1 na 1 koji &hellip;<\/p>\n<p class=\"read-more\"> <a class=\"\" href=\"https:\/\/spiritcanine.hr\/index.php\/services\/\"> <span class=\"screen-reader-text\">Services<\/span> Read More &raquo;<\/a><\/p>\n","protected":false},"author":1,"featured_media":0,"parent":0,"menu_order":0,"comment_status":"closed","ping_status":"closed","template":"","meta":[],"_links":{"self":[{"href":"https:\/\/spiritcanine.hr\/index.php\/wp-json\/wp\/v2\/pages\/506"}],"collection":[{"href":"https:\/\/spiritcanine.hr\/index.php\/wp-json\/wp\/v2\/pages"}],"about":[{"href":"https:\/\/spiritcanine.hr\/index.php\/wp-json\/wp\/v2\/types\/page"}],"author":[{"embeddable":true,"href":"https:\/\/spiritcanine.hr\/index.php\/wp-json\/wp\/v2\/users\/1"}],"replies":[{"embeddable":true,"href":"https:\/\/spiritcanine.hr\/index.php\/wp-json\/wp\/v2\/comments?post=506"}],"version-history":[{"count":36,"href":"https:\/\/spiritcanine.hr\/index.php\/wp-json\/wp\/v2\/pages\/506\/revisions"}],"predecessor-version":[{"id":735,"href":"https:\/\/spiritcanine.hr\/index.php\/wp-json\/wp\/v2\/pages\/506\/revisions\/735"}],"wp:attachment":[{"href":"https:\/\/spiritcanine.hr\/index.php\/wp-json\/wp\/v2\/media?parent=506"}],"curies":[{"name":"wp","href":"https:\/\/api.w.org\/{rel}","templated":true}]}}